{"id":998,"date":"2022-03-27T20:26:50","date_gmt":"2022-03-27T20:26:50","guid":{"rendered":"https:\/\/konfliktfrei.at\/?page_id=998"},"modified":"2022-05-03T14:26:03","modified_gmt":"2022-05-03T14:26:03","slug":"ituko-coaching-intuitives-coaching-lerne","status":"publish","type":"page","link":"https:\/\/konfliktfrei.at\/index.php\/ituko-coaching-intuitives-coaching-lerne\/","title":{"rendered":"ITUKO\u00ae \u2013 Coaching"},"content":{"rendered":"\t\t<div data-elementor-type=\"wp-page\" data-elementor-id=\"998\" class=\"elementor elementor-998\" data-elementor-settings=\"{&quot;ha_cmc_init_switcher&quot;:&quot;no&quot;}\">\n\t\t\t\t\t\t<section class=\"elementor-section elementor-top-section elementor-element elementor-element-57928283 elementor-hidden-mobile elementor-section-boxed elementor-section-height-default elementor-section-height-default\" data-id=\"57928283\" data-element_type=\"section\" data-e-type=\"section\" data-settings=\"{&quot;background_background&quot;:&quot;classic&quot;,&quot;_ha_eqh_enable&quot;:false}\">\n\t\t\t\t\t\t<div class=\"elementor-container elementor-column-gap-default\">\n\t\t\t\t\t<div class=\"elementor-column elementor-col-33 elementor-top-column elementor-element elementor-element-45210fa5\" data-id=\"45210fa5\" data-element_type=\"column\" data-e-type=\"column\">\n\t\t\t<div class=\"elementor-widget-wrap elementor-element-populated\">\n\t\t\t\t\t\t<div class=\"elementor-element elementor-element-5b4080f elementor-widget elementor-widget-spacer\" data-id=\"5b4080f\" data-element_type=\"widget\" data-e-type=\"widget\" data-widget_type=\"spacer.default\">\n\t\t\t\t<div class=\"elementor-widget-container\">\n\t\t\t\t\t\t\t<div class=\"elementor-spacer\">\n\t\t\t<div class=\"elementor-spacer-inner\"><\/div>\n\t\t<\/div>\n\t\t\t\t\t\t<\/div>\n\t\t\t\t<\/div>\n\t\t\t\t<div class=\"elementor-element elementor-element-f98db12 elementor-invisible elementor-widget elementor-widget-heading\" data-id=\"f98db12\" data-element_type=\"widget\" data-e-type=\"widget\" data-settings=\"{&quot;_animation&quot;:&quot;fadeInLeft&quot;}\" data-widget_type=\"heading.default\">\n\t\t\t\t<div class=\"elementor-widget-container\">\n\t\t\t\t\t<h1 class=\"elementor-heading-title elementor-size-default\">ITUKO\u00ae\u2013Coaching<\/h1>\t\t\t\t<\/div>\n\t\t\t\t<\/div>\n\t\t\t\t<div class=\"elementor-element elementor-element-985f1f2 elementor-widget elementor-widget-spacer\" data-id=\"985f1f2\" data-element_type=\"widget\" data-e-type=\"widget\" data-widget_type=\"spacer.default\">\n\t\t\t\t<div class=\"elementor-widget-container\">\n\t\t\t\t\t\t\t<div class=\"elementor-spacer\">\n\t\t\t<div class=\"elementor-spacer-inner\"><\/div>\n\t\t<\/div>\n\t\t\t\t\t\t<\/div>\n\t\t\t\t<\/div>\n\t\t\t\t\t<\/div>\n\t\t<\/div>\n\t\t\t\t<div class=\"elementor-column elementor-col-33 elementor-top-column elementor-element elementor-element-2b55f20c\" data-id=\"2b55f20c\" data-element_type=\"column\" data-e-type=\"column\" data-settings=\"{&quot;background_background&quot;:&quot;classic&quot;}\">\n\t\t\t<div class=\"elementor-widget-wrap\">\n\t\t\t\t\t\t\t<\/div>\n\t\t<\/div>\n\t\t\t\t<div class=\"elementor-column elementor-col-33 elementor-top-column elementor-element elementor-element-7f5397af\" data-id=\"7f5397af\" data-element_type=\"column\" data-e-type=\"column\">\n\t\t\t<div class=\"elementor-widget-wrap elementor-element-populated\">\n\t\t\t\t\t\t<div class=\"elementor-element elementor-element-69a68f76 elementor-widget elementor-widget-spacer\" data-id=\"69a68f76\" data-element_type=\"widget\" data-e-type=\"widget\" data-widget_type=\"spacer.default\">\n\t\t\t\t<div class=\"elementor-widget-container\">\n\t\t\t\t\t\t\t<div class=\"elementor-spacer\">\n\t\t\t<div class=\"elementor-spacer-inner\"><\/div>\n\t\t<\/div>\n\t\t\t\t\t\t<\/div>\n\t\t\t\t<\/div>\n\t\t\t\t<div class=\"elementor-element elementor-element-1f2b0dd0 elementor-invisible elementor-widget elementor-widget-text-editor\" data-id=\"1f2b0dd0\" data-element_type=\"widget\" data-e-type=\"widget\" data-settings=\"{&quot;_animation&quot;:&quot;fadeInRight&quot;}\" data-widget_type=\"text-editor.default\">\n\t\t\t\t<div class=\"elementor-widget-container\">\n\t\t\t\t\t\t\t\t\t<p>Ich bin ein gl\u00fcckliches Wesen mit individuellen Eigenschaften.<br \/>Ich tue was mir Freude macht und was ich tue, macht mir Freude.<br \/>Wer l\u00e4chelt, statt zu toben, ist immer die\/der St\u00e4rkere<\/p>\t\t\t\t\t\t\t\t<\/div>\n\t\t\t\t<\/div>\n\t\t\t\t\t<\/div>\n\t\t<\/div>\n\t\t\t\t\t<\/div>\n\t\t<\/section>\n\t\t\t\t<section class=\"elementor-section elementor-top-section elementor-element elementor-element-1a162e1 elementor-hidden-desktop elementor-hidden-tablet elementor-section-boxed elementor-section-height-default elementor-section-height-default\" data-id=\"1a162e1\" data-element_type=\"section\" data-e-type=\"section\" data-settings=\"{&quot;background_background&quot;:&quot;classic&quot;,&quot;_ha_eqh_enable&quot;:false}\">\n\t\t\t\t\t\t<div class=\"elementor-container elementor-column-gap-default\">\n\t\t\t\t\t<div class=\"elementor-column elementor-col-100 elementor-top-column elementor-element elementor-element-1e7e3a7\" data-id=\"1e7e3a7\" data-element_type=\"column\" data-e-type=\"column\">\n\t\t\t<div class=\"elementor-widget-wrap elementor-element-populated\">\n\t\t\t\t\t\t<div class=\"elementor-element elementor-element-488c729 elementor-widget elementor-widget-spacer\" data-id=\"488c729\" data-element_type=\"widget\" data-e-type=\"widget\" data-widget_type=\"spacer.default\">\n\t\t\t\t<div class=\"elementor-widget-container\">\n\t\t\t\t\t\t\t<div class=\"elementor-spacer\">\n\t\t\t<div class=\"elementor-spacer-inner\"><\/div>\n\t\t<\/div>\n\t\t\t\t\t\t<\/div>\n\t\t\t\t<\/div>\n\t\t\t\t<div class=\"elementor-element elementor-element-4f5c283 elementor-invisible elementor-widget elementor-widget-heading\" data-id=\"4f5c283\" data-element_type=\"widget\" data-e-type=\"widget\" data-settings=\"{&quot;_animation&quot;:&quot;fadeInLeft&quot;}\" data-widget_type=\"heading.default\">\n\t\t\t\t<div class=\"elementor-widget-container\">\n\t\t\t\t\t<h2 class=\"elementor-heading-title elementor-size-default\">ITUKO\u00ae\u2013Coaching<\/h2>\t\t\t\t<\/div>\n\t\t\t\t<\/div>\n\t\t\t\t<div class=\"elementor-element elementor-element-847aadd elementor-invisible elementor-widget elementor-widget-text-editor\" data-id=\"847aadd\" data-element_type=\"widget\" data-e-type=\"widget\" data-settings=\"{&quot;_animation&quot;:&quot;fadeInRight&quot;}\" data-widget_type=\"text-editor.default\">\n\t\t\t\t<div class=\"elementor-widget-container\">\n\t\t\t\t\t\t\t\t\t<p>Ich bin ein gl\u00fcckliches Wesen mit individuellen Eigenschaften.<br \/>Ich tue was mir Freude macht und was ich tue, macht mir Freude.<br \/>Wer l\u00e4chelt, statt zu toben, ist immer die\/der St\u00e4rkere<\/p>\t\t\t\t\t\t\t\t<\/div>\n\t\t\t\t<\/div>\n\t\t\t\t<div class=\"elementor-element elementor-element-3ec7f7b elementor-widget elementor-widget-spacer\" data-id=\"3ec7f7b\" data-element_type=\"widget\" data-e-type=\"widget\" data-widget_type=\"spacer.default\">\n\t\t\t\t<div class=\"elementor-widget-container\">\n\t\t\t\t\t\t\t<div class=\"elementor-spacer\">\n\t\t\t<div class=\"elementor-spacer-inner\"><\/div>\n\t\t<\/div>\n\t\t\t\t\t\t<\/div>\n\t\t\t\t<\/div>\n\t\t\t\t\t<\/div>\n\t\t<\/div>\n\t\t\t\t\t<\/div>\n\t\t<\/section>\n\t\t\t\t<section class=\"elementor-section elementor-top-section elementor-element elementor-element-ed0c248 elementor-section-boxed elementor-section-height-default elementor-section-height-default\" data-id=\"ed0c248\" data-element_type=\"section\" data-e-type=\"section\" data-settings=\"{&quot;_ha_eqh_enable&quot;:false}\">\n\t\t\t\t\t\t<div class=\"elementor-container elementor-column-gap-default\">\n\t\t\t\t\t<div class=\"elementor-column elementor-col-100 elementor-top-column elementor-element elementor-element-4d753ac\" data-id=\"4d753ac\" data-element_type=\"column\" data-e-type=\"column\">\n\t\t\t<div class=\"elementor-widget-wrap elementor-element-populated\">\n\t\t\t\t\t\t<div class=\"elementor-element elementor-element-92e480f elementor-widget elementor-widget-heading\" data-id=\"92e480f\" data-element_type=\"widget\" data-e-type=\"widget\" data-widget_type=\"heading.default\">\n\t\t\t\t<div class=\"elementor-widget-container\">\n\t\t\t\t\t<h2 class=\"elementor-heading-title elementor-size-default\">ITUKO Coaching<\/h2>\t\t\t\t<\/div>\n\t\t\t\t<\/div>\n\t\t\t\t\t<\/div>\n\t\t<\/div>\n\t\t\t\t\t<\/div>\n\t\t<\/section>\n\t\t\t\t<section class=\"elementor-section elementor-top-section elementor-element elementor-element-aa997c6 elementor-section-boxed elementor-section-height-default elementor-section-height-default\" data-id=\"aa997c6\" data-element_type=\"section\" data-e-type=\"section\" data-settings=\"{&quot;_ha_eqh_enable&quot;:false}\">\n\t\t\t\t\t\t<div class=\"elementor-container elementor-column-gap-default\">\n\t\t\t\t\t<div class=\"elementor-column elementor-col-100 elementor-top-column elementor-element elementor-element-18e634d\" data-id=\"18e634d\" data-element_type=\"column\" data-e-type=\"column\">\n\t\t\t<div class=\"elementor-widget-wrap elementor-element-populated\">\n\t\t\t\t\t\t<div class=\"elementor-element elementor-element-b7729ad elementor-widget elementor-widget-text-editor\" data-id=\"b7729ad\" data-element_type=\"widget\" data-e-type=\"widget\" data-widget_type=\"text-editor.default\">\n\t\t\t\t<div class=\"elementor-widget-container\">\n\t\t\t\t\t\t\t\t\t<p><strong>ITUKO<sup>\u00ae <\/sup><\/strong>verbindet <strong><span style=\"color: #f58c1d;\">konventionelles<\/span><\/strong> und <strong><span style=\"color: #f58c1d;\">intuitives Coachen<\/span><\/strong> und Beraten individuell, bedarfs- und bed\u00fcrfnisorientiert abgestimmt auf die Klient:innen und deren Themen.<\/p><p style=\"margin-bottom: 0cm;\">Unter <span style=\"color: #f58c1d;\"><i>intuitivem Coaching<\/i><\/span> versteht man allgemein, einen Coaching-\/Beratungsprozess, der abseits von konventionellen Methoden und Techniken gef\u00fchrt und begleitet wird. Dabei k\u00f6nnen besondere F\u00e4higkeiten, feinstoffliche, energetische und\/oder metaphysische Wahrnehmungen in die Beratungen mit einflie\u00dfen. Das intuitive Coachen und Beraten findet in bei Problemstellungen in Lebens- und Arbeitsbereichen und auch in psychosozialen Thematiken seine Anwendungsgebiete. Intuitives Coaching basiert vordergr\u00fcndig auf speziellen energetischen sowie sensitiven Skills der Coaches und Berater:innen.<\/p><p style=\"margin-bottom: 0cm;\">Die ITUKO<sup><span style=\"font-family: 'Times New Roman',serif;\">\u00ae <\/span><\/sup>&#8211; Methode er\u00f6ffnet neue M\u00f6glichkeiten im Individualcoaching. ITUKO<sup>\u00ae <\/sup>kombiniert sozusagen die Erfolgsfaktoren beider Bereiche, intuitiv und konventionell, zu einer neuen einzigartigen Technik im personenzentrierten Coaching und Beraten.<\/p><p style=\"margin-bottom: 0cm;\">ITUKO<sup>\u00ae <\/sup>er\u00f6ffnet sowohl in der individuellen Ressourcenarbeit als auch im <strong><span style=\"color: #f58c1d;\">L\u00f6sungsfindungsprozess<\/span><\/strong> neue Wege, Zug\u00e4nge und Sichtweisen aus <strong><span style=\"color: #f58c1d;\">multidimensionalen Bewusstseinsebenen<\/span><\/strong>. Die im Prozess gewonnen Erkenntnisse aus metaphysischen, feinstofflichen und energetischen Ebenen vereint mit Ergebnissen aus konventionellen Methoden und Techniken k\u00f6nnen f\u00fcr die Zielerreichung zusammengef\u00fchrt, manifestiert und von den Klient:innen mit hoher Authentizit\u00e4t und starkem intrinsischem, emotionalen R\u00fcckhalt nachhaltig umgesetzt werden und ins jeweilige Feld gesendet werden.<\/p>\t\t\t\t\t\t\t\t<\/div>\n\t\t\t\t<\/div>\n\t\t\t\t<div class=\"elementor-element elementor-element-c1894de elementor-widget elementor-widget-heading\" data-id=\"c1894de\" data-element_type=\"widget\" data-e-type=\"widget\" data-widget_type=\"heading.default\">\n\t\t\t\t<div class=\"elementor-widget-container\">\n\t\t\t\t\t<h2 class=\"elementor-heading-title elementor-size-default\">ITUKO Coaching<\/h2>\t\t\t\t<\/div>\n\t\t\t\t<\/div>\n\t\t\t\t<div class=\"elementor-element elementor-element-a43dd51 elementor-widget elementor-widget-image\" data-id=\"a43dd51\" data-element_type=\"widget\" data-e-type=\"widget\" data-widget_type=\"image.default\">\n\t\t\t\t<div class=\"elementor-widget-container\">\n\t\t\t\t\t\t\t\t\t\t\t\t\t\t\t<img fetchpriority=\"high\" decoding=\"async\" width=\"300\" height=\"200\" src=\"https:\/\/konfliktfrei.at\/wp-content\/uploads\/2022\/03\/1-300x200.jpg\" class=\"attachment-medium size-medium wp-image-162\" alt=\"ITUKO Coaching_Karin Kr\u00e4ftner\" srcset=\"https:\/\/konfliktfrei.at\/wp-content\/uploads\/2022\/03\/1-300x200.jpg 300w, https:\/\/konfliktfrei.at\/wp-content\/uploads\/2022\/03\/1-1024x684.jpg 1024w, https:\/\/konfliktfrei.at\/wp-content\/uploads\/2022\/03\/1-768x513.jpg 768w, https:\/\/konfliktfrei.at\/wp-content\/uploads\/2022\/03\/1-1536x1026.jpg 1536w, https:\/\/konfliktfrei.at\/wp-content\/uploads\/2022\/03\/1.jpg 1612w\" sizes=\"(max-width: 300px) 100vw, 300px\" \/>\t\t\t\t\t\t\t\t\t\t\t\t\t\t\t<\/div>\n\t\t\t\t<\/div>\n\t\t\t\t<div class=\"elementor-element elementor-element-7766ad0 elementor-widget elementor-widget-heading\" data-id=\"7766ad0\" data-element_type=\"widget\" data-e-type=\"widget\" data-widget_type=\"heading.default\">\n\t\t\t\t<div class=\"elementor-widget-container\">\n\t\t\t\t\t<h2 class=\"elementor-heading-title elementor-size-default\">ITUKO Coaching<\/h2>\t\t\t\t<\/div>\n\t\t\t\t<\/div>\n\t\t\t\t<div class=\"elementor-element elementor-element-4ad0e51 elementor-widget elementor-widget-text-editor\" data-id=\"4ad0e51\" data-element_type=\"widget\" data-e-type=\"widget\" data-widget_type=\"text-editor.default\">\n\t\t\t\t<div class=\"elementor-widget-container\">\n\t\t\t\t\t\t\t\t\t<p><span style=\"font-size: 18px; color: var( --e-global-color-text );\">ITUKO<\/span><sup style=\"color: var( --e-global-color-text );\">\u00ae\u00a0<\/sup><span style=\"font-size: 18px; color: var( --e-global-color-text );\">er\u00f6ffnet sowohl in der individuellen Ressourcenarbeit als auch im\u00a0<\/span><span style=\"color: #f58c1d;\"><strong style=\"font-size: 18px;\">L\u00f6sungsfindungsprozess<\/strong><\/span><span style=\"font-size: 18px; color: var( --e-global-color-text );\">\u00a0neue Wege, Zug\u00e4nge und Sichtweisen aus multidimensionalen Bewusstseinsebenen. Die im Prozess gewonnen Erkenntnisse aus metaphysischen, feinstofflichen und energetischen Ebenen vereint mit Ergebnissen aus konventionellen Methoden und Techniken k\u00f6nnen f\u00fcr die Zielerreichung vereint, manifestiert und von den Klient:innen mit\u00a0<\/span><strong style=\"font-size: 18px; color: var( --e-global-color-text );\"><span style=\"color: #f58c1d;\">hoher Authentizit\u00e4t<\/span>\u00a0<\/strong><span style=\"font-size: 18px; color: var( --e-global-color-text );\">und starkem intrinsischem, emotionalen R\u00fcckhalt nachhaltig umgesetzt werden und ins jeweilige Feld gesendet werden.<\/span><\/p><p><strong><span style=\"color: #f58c1d;\">In der ITUKO<sup>\u00ae <\/sup>&#8211; Methode implementiere ich:<\/span><\/strong><\/p><ul><li>Bl\u00fctentherapie nach Dr. Bach<\/li><li>Kl\u00e4nge und T\u00f6ne<\/li><li>individuelle sensitive Bewusstseinswahrnehmungen<\/li><li>feinstoffliche Rituale und Affirmationen<\/li><\/ul>\t\t\t\t\t\t\t\t<\/div>\n\t\t\t\t<\/div>\n\t\t\t\t<div class=\"elementor-element elementor-element-4e97bcc elementor-widget elementor-widget-text-editor\" data-id=\"4e97bcc\" data-element_type=\"widget\" data-e-type=\"widget\" data-widget_type=\"text-editor.default\">\n\t\t\t\t<div class=\"elementor-widget-container\">\n\t\t\t\t\t\t\t\t\t<p>ITUKO<sup>\u00ae\u00a0<\/sup>versteht sich als \u201e<span style=\"color: #f58c1d;\"><strong>best-practice<\/strong><\/span>\u201c-Methode und sorgt mit spirituellen Tiefgang und bew\u00e4hrten Techniken f\u00fcr individuelle Erfolgsgarantie.<\/p><p>ITUKO\u00ae\u00a0eignet sich f\u00fcr besonders sensitive, feinf\u00fchlige Menschen und deshalb auch f\u00fcr alle Menschen, die selbst in diesen Bereichen professionell oder beruflich t\u00e4tig sind.<\/p><p>Die ITUKO<sup>\u00ae<\/sup>-Methode erf\u00e4hrt derzeit einen\u00a0<span style=\"color: #f58c1d;\"><strong>gro\u00dfen Aufschwung<\/strong><\/span>, denn sie passt sich den Schwingungen und Herausforderungen der Zeit in optimaler Weise an. ITUKO<sup>\u00ae<\/sup>\u00a0zertifizierte Coaches gew\u00e4hrleisten fachliche, spirituelle und humane Kompetenzen auf\u00a0<span style=\"color: #f58c1d;\"><strong>hohem ethischen Niveau<\/strong><\/span>.<\/p><p>Um als Coach eine ITUKO<sup>\u00ae<\/sup>-Zertifizierung zu erlangen, m\u00fcssen sowohl konventionelle Coaching- und Beratungskompetenzen als auch Kompetenzen im Bereich der<span style=\"color: #f58c1d;\">\u00a0<a style=\"color: #f58c1d;\" href=\"https:\/\/de.wikipedia.org\/wiki\/Humanenergetik\" target=\"_blank\" rel=\"noopener\"><strong>Humanenergetik<\/strong><\/a><\/span>, feinstofflichen oder metaphysischen Praxis nachgewiesen werden.<\/p>\t\t\t\t\t\t\t\t<\/div>\n\t\t\t\t<\/div>\n\t\t\t\t\t<\/div>\n\t\t<\/div>\n\t\t\t\t\t<\/div>\n\t\t<\/section>\n\t\t\t\t<section class=\"elementor-section elementor-top-section elementor-element elementor-element-d489e2d elementor-section-boxed elementor-section-height-default elementor-section-height-default\" data-id=\"d489e2d\" data-element_type=\"section\" data-e-type=\"section\" data-settings=\"{&quot;background_background&quot;:&quot;classic&quot;,&quot;_ha_eqh_enable&quot;:false}\">\n\t\t\t\t\t\t<div class=\"elementor-container elementor-column-gap-default\">\n\t\t\t\t\t<div class=\"elementor-column elementor-col-100 elementor-top-column elementor-element elementor-element-ac7534d\" data-id=\"ac7534d\" data-element_type=\"column\" data-e-type=\"column\">\n\t\t\t<div class=\"elementor-widget-wrap elementor-element-populated\">\n\t\t\t\t\t\t<div class=\"elementor-element elementor-element-c2d487e elementor-widget elementor-widget-spacer\" data-id=\"c2d487e\" data-element_type=\"widget\" data-e-type=\"widget\" data-widget_type=\"spacer.default\">\n\t\t\t\t<div class=\"elementor-widget-container\">\n\t\t\t\t\t\t\t<div class=\"elementor-spacer\">\n\t\t\t<div class=\"elementor-spacer-inner\"><\/div>\n\t\t<\/div>\n\t\t\t\t\t\t<\/div>\n\t\t\t\t<\/div>\n\t\t\t\t<div class=\"elementor-element elementor-element-9514082 elementor-widget elementor-widget-text-editor\" data-id=\"9514082\" data-element_type=\"widget\" data-e-type=\"widget\" data-widget_type=\"text-editor.default\">\n\t\t\t\t<div class=\"elementor-widget-container\">\n\t\t\t\t\t\t\t\t\t<p><strong>Inhaber und Urheber der Marke ITUKO und der Methode sowie Verfahrenstechnik ist:<br \/><\/strong><strong> Frau<a href=\"https:\/\/konfliktfrei.at\/index.php\/karin-kraeftner-ueber-mich-ausbildungen\/\"> Karin Kr\u00e4ftner<\/a>, Msc., <br \/>Oberrettenbach 52,<br \/>8212 Gersdorf an der Feistritz,<br \/><a href=\"mailto:office@konfliktfrei.at\">office@konfliktfrei.at<\/a>;\u00a0<br \/><a href=\"http:\/\/www.konfliktfrei.at\/\">www.konfliktfrei.at<\/a>.<br \/><\/strong><br \/><strong>Ebendort kann unter Vorlage der entsprechenden Nachweise sowie einem pers\u00f6nlichen Audit die Zertifizierung zum\/zur ITUKO<sup>\u00ae<\/sup>-Coach:in beantragt werden.<\/strong><br \/><strong>Kosten: \u20ac300,00<\/strong><\/p>\t\t\t\t\t\t\t\t<\/div>\n\t\t\t\t<\/div>\n\t\t\t\t<div class=\"elementor-element elementor-element-aef5826 elementor-widget elementor-widget-spacer\" data-id=\"aef5826\" data-element_type=\"widget\" data-e-type=\"widget\" data-widget_type=\"spacer.default\">\n\t\t\t\t<div class=\"elementor-widget-container\">\n\t\t\t\t\t\t\t<div class=\"elementor-spacer\">\n\t\t\t<div class=\"elementor-spacer-inner\"><\/div>\n\t\t<\/div>\n\t\t\t\t\t\t<\/div>\n\t\t\t\t<\/div>\n\t\t\t\t\t<\/div>\n\t\t<\/div>\n\t\t\t\t\t<\/div>\n\t\t<\/section>\n\t\t\t\t<\/div>\n\t\t","protected":false},"excerpt":{"rendered":"<p>ITUKO\u00ae\u2013Coaching Ich bin ein gl\u00fcckliches Wesen mit individuellen Eigenschaften.Ich tue was mir Freude macht und was ich tue, macht mir Freude.Wer l\u00e4chelt, statt zu toben, ist immer die\/der St\u00e4rkere ITUKO\u00ae\u2013Coaching Ich bin ein gl\u00fcckliches Wesen mit individuellen Eigenschaften.Ich tue was mir Freude macht und was ich tue, macht mir Freude.Wer l\u00e4chelt, statt zu toben, ist [&hellip;]<\/p>\n","protected":false},"author":1,"featured_media":0,"parent":0,"menu_order":0,"comment_status":"closed","ping_status":"closed","template":"","meta":{"inline_featured_image":false,"ocean_post_layout":"full-screen","ocean_both_sidebars_style":"","ocean_both_sidebars_content_width":0,"ocean_both_sidebars_sidebars_width":0,"ocean_sidebar":"0","ocean_second_sidebar":"0","ocean_disable_margins":"enable","ocean_add_body_class":"","ocean_shortcode_before_top_bar":"","ocean_shortcode_after_top_bar":"","ocean_shortcode_before_header":"","ocean_shortcode_after_header":"","ocean_has_shortcode":"","ocean_shortcode_after_title":"","ocean_shortcode_before_footer_widgets":"","ocean_shortcode_after_footer_widgets":"","ocean_shortcode_before_footer_bottom":"","ocean_shortcode_after_footer_bottom":"","ocean_display_top_bar":"on","ocean_display_header":"on","ocean_header_style":"","ocean_center_header_left_menu":"0","ocean_custom_header_template":"0","ocean_custom_logo":0,"ocean_custom_retina_logo":0,"ocean_custom_logo_max_width":0,"ocean_custom_logo_tablet_max_width":0,"ocean_custom_logo_mobile_max_width":0,"ocean_custom_logo_max_height":0,"ocean_custom_logo_tablet_max_height":0,"ocean_custom_logo_mobile_max_height":0,"ocean_header_custom_menu":"0","ocean_menu_typo_font_family":"0","ocean_menu_typo_font_subset":"","ocean_menu_typo_font_size":0,"ocean_menu_typo_font_size_tablet":0,"ocean_menu_typo_font_size_mobile":0,"ocean_menu_typo_font_size_unit":"px","ocean_menu_typo_font_weight":"","ocean_menu_typo_font_weight_tablet":"","ocean_menu_typo_font_weight_mobile":"","ocean_menu_typo_transform":"","ocean_menu_typo_transform_tablet":"","ocean_menu_typo_transform_mobile":"","ocean_menu_typo_line_height":0,"ocean_menu_typo_line_height_tablet":0,"ocean_menu_typo_line_height_mobile":0,"ocean_menu_typo_line_height_unit":"","ocean_menu_typo_spacing":0,"ocean_menu_typo_spacing_tablet":0,"ocean_menu_typo_spacing_mobile":0,"ocean_menu_typo_spacing_unit":"","ocean_menu_link_color":"","ocean_menu_link_color_hover":"","ocean_menu_link_color_active":"","ocean_menu_link_background":"","ocean_menu_link_hover_background":"","ocean_menu_link_active_background":"","ocean_menu_social_links_bg":"","ocean_menu_social_hover_links_bg":"","ocean_menu_social_links_color":"","ocean_menu_social_hover_links_color":"","ocean_disable_title":"on","ocean_disable_heading":"default","ocean_post_title":"","ocean_post_subheading":"","ocean_post_title_style":"","ocean_post_title_background_color":"","ocean_post_title_background":0,"ocean_post_title_bg_image_position":"","ocean_post_title_bg_image_attachment":"","ocean_post_title_bg_image_repeat":"","ocean_post_title_bg_image_size":"","ocean_post_title_height":0,"ocean_post_title_bg_overlay":0.5,"ocean_post_title_bg_overlay_color":"","ocean_disable_breadcrumbs":"default","ocean_breadcrumbs_color":"","ocean_breadcrumbs_separator_color":"","ocean_breadcrumbs_links_color":"","ocean_breadcrumbs_links_hover_color":"","ocean_display_footer_widgets":"on","ocean_display_footer_bottom":"on","ocean_custom_footer_template":"0","footnotes":""},"class_list":["post-998","page","type-page","status-publish","hentry","entry"],"_links":{"self":[{"href":"https:\/\/konfliktfrei.at\/index.php\/wp-json\/wp\/v2\/pages\/998","targetHints":{"allow":["GET"]}}],"collection":[{"href":"https:\/\/konfliktfrei.at\/index.php\/wp-json\/wp\/v2\/pages"}],"about":[{"href":"https:\/\/konfliktfrei.at\/index.php\/wp-json\/wp\/v2\/types\/page"}],"author":[{"embeddable":true,"href":"https:\/\/konfliktfrei.at\/index.php\/wp-json\/wp\/v2\/users\/1"}],"replies":[{"embeddable":true,"href":"https:\/\/konfliktfrei.at\/index.php\/wp-json\/wp\/v2\/comments?post=998"}],"version-history":[{"count":0,"href":"https:\/\/konfliktfrei.at\/index.php\/wp-json\/wp\/v2\/pages\/998\/revisions"}],"wp:attachment":[{"href":"https:\/\/konfliktfrei.at\/index.php\/wp-json\/wp\/v2\/media?parent=998"}],"curies":[{"name":"wp","href":"https:\/\/api.w.org\/{rel}","templated":true}]}}